{"id":1028,"date":"2023-09-06T12:49:10","date_gmt":"2023-09-06T12:49:10","guid":{"rendered":"https:\/\/sportservice-auzinger.com\/?post_type=product&#038;p=1028"},"modified":"2024-08-11T12:03:14","modified_gmt":"2024-08-11T12:03:14","slug":"shirt-mit-print","status":"publish","type":"product","link":"https:\/\/sportservice-auzinger.com\/index.php\/produkt\/shirt-mit-print\/","title":{"rendered":"Shirt mit Print"},"content":{"rendered":"","protected":false},"excerpt":{"rendered":"<p>SHIRT mit Print<\/p>\n<p>Verf\u00fcgbar in den Gr\u00f6\u00dfen S, M, L.<br \/>\nIn verschiedenen Farben erh\u00e4ltlich (am Bild Petrol).<br \/>\n100% Polyester<\/p>\n","protected":false},"featured_media":1350,"comment_status":"open","ping_status":"closed","template":"","meta":[],"product_cat":[19],"product_tag":[],"class_list":["post-1028","product","type-product","status-publish","has-post-thumbnail","hentry","product_cat-sportbekleidung","product_shipping_class-reinigungsmittel"],"_links":{"self":[{"href":"https:\/\/sportservice-auzinger.com\/index.php\/wp-json\/wp\/v3\/product\/1028","targetHints":{"allow":["GET"]}}],"collection":[{"href":"https:\/\/sportservice-auzinger.com\/index.php\/wp-json\/wp\/v3\/product"}],"about":[{"href":"https:\/\/sportservice-auzinger.com\/index.php\/wp-json\/wp\/v2\/types\/product"}],"replies":[{"embeddable":true,"href":"https:\/\/sportservice-auzinger.com\/index.php\/wp-json\/wp\/v2\/comments?post=1028"}],"wp:featuredmedia":[{"embeddable":true,"href":"https:\/\/sportservice-auzinger.com\/index.php\/wp-json\/wp\/v2\/media\/1350"}],"wp:attachment":[{"href":"https:\/\/sportservice-auzinger.com\/index.php\/wp-json\/wp\/v2\/media?parent=1028"}],"wp:term":[{"taxonomy":"product_cat","embeddable":true,"href":"https:\/\/sportservice-auzinger.com\/index.php\/wp-json\/wp\/v2\/product_cat?post=1028"},{"taxonomy":"product_tag","embeddable":true,"href":"https:\/\/sportservice-auzinger.com\/index.php\/wp-json\/wp\/v2\/product_tag?post=1028"}],"curies":[{"name":"wp","href":"https:\/\/api.w.org\/{rel}","templated":true}]}}