{"id":1041,"date":"2023-10-17T15:08:31","date_gmt":"2023-10-17T15:08:31","guid":{"rendered":"https:\/\/sportservice-auzinger.com\/?post_type=product&#038;p=1041"},"modified":"2024-01-31T16:42:50","modified_gmt":"2024-01-31T16:42:50","slug":"concept2-skierg-mit-pm5","status":"publish","type":"product","link":"https:\/\/sportservice-auzinger.com\/index.php\/produkt\/concept2-skierg-mit-pm5\/","title":{"rendered":"Concept2 SkiErg mit PM5"},"content":{"rendered":"","protected":false},"excerpt":{"rendered":"<p><strong>Concept2 SkiErg<\/strong><\/p>\n<p>Der <em>Concept2 SkiErg<\/em> ist ein Kraftaufbau- und Ausdauerger\u00e4t. Mit jedem Zug trainiert der <em>SkiErg<\/em> Oberk\u00f6rper-, Bauch-, R\u00fccken- und Beinmuskulatur.<br \/>\nDer <em>SkiErg<\/em> verf\u00fcgt neben der langlebigen und stabilen Konstruktion auch \u00fcber einen hochmodernen Performance Monitor, welcher unmittelbare, pr\u00e4zise und wiederholbare Messung der Leistungsdaten gew\u00e4hrleistet.<\/p>\n<p>Ihre Ziele werden Sie mit Hilfe dieser Trainingsm\u00f6glichkeit erreichen, egal ob Langlaufprofi oder Hobbylangl\u00e4ufer.<\/p>\n","protected":false},"featured_media":1258,"comment_status":"open","ping_status":"closed","template":"","meta":[],"product_cat":[43],"product_tag":[],"class_list":["post-1041","product","type-product","status-publish","has-post-thumbnail","hentry","product_cat-neugeraete"],"_links":{"self":[{"href":"https:\/\/sportservice-auzinger.com\/index.php\/wp-json\/wp\/v3\/product\/1041","targetHints":{"allow":["GET"]}}],"collection":[{"href":"https:\/\/sportservice-auzinger.com\/index.php\/wp-json\/wp\/v3\/product"}],"about":[{"href":"https:\/\/sportservice-auzinger.com\/index.php\/wp-json\/wp\/v2\/types\/product"}],"replies":[{"embeddable":true,"href":"https:\/\/sportservice-auzinger.com\/index.php\/wp-json\/wp\/v2\/comments?post=1041"}],"wp:featuredmedia":[{"embeddable":true,"href":"https:\/\/sportservice-auzinger.com\/index.php\/wp-json\/wp\/v2\/media\/1258"}],"wp:attachment":[{"href":"https:\/\/sportservice-auzinger.com\/index.php\/wp-json\/wp\/v2\/media?parent=1041"}],"wp:term":[{"taxonomy":"product_cat","embeddable":true,"href":"https:\/\/sportservice-auzinger.com\/index.php\/wp-json\/wp\/v2\/product_cat?post=1041"},{"taxonomy":"product_tag","embeddable":true,"href":"https:\/\/sportservice-auzinger.com\/index.php\/wp-json\/wp\/v2\/product_tag?post=1041"}],"curies":[{"name":"wp","href":"https:\/\/api.w.org\/{rel}","templated":true}]}}