{"id":1165,"date":"2024-01-17T14:25:38","date_gmt":"2024-01-17T14:25:38","guid":{"rendered":"https:\/\/sportservice-auzinger.com\/?post_type=product&#038;p=1165"},"modified":"2024-04-07T06:46:08","modified_gmt":"2024-04-07T06:46:08","slug":"technogym-vario-1000led-sp-serviciert","status":"publish","type":"product","link":"https:\/\/sportservice-auzinger.com\/index.php\/produkt\/technogym-vario-1000led-sp-serviciert\/","title":{"rendered":"TECHNOGYM VARIO 500  Self Powered &#8211; serviciert"},"content":{"rendered":"","protected":false},"excerpt":{"rendered":"<p>Technogym Vario 500\u00a0 Self powerd<\/p>\n<ul>\n<li>Freie und nat\u00fcrliche Bewegung &#8211; variable Schrittl\u00e4nge<\/li>\n<li>Abwechslungsreich und Effektiv<\/li>\n<li>Sicher und Komfortabel<\/li>\n<\/ul>\n<p>Der Technogym Vario bietet einen optimalen Trainingseffekt. Durch die variable Schrittl\u00e4nge passt es sich dem Nutzer an und erm\u00f6glicht eine vielf\u00e4ltige Bewegungsauswahl. Das Training ist dadurch abwechslungsreich und effektiv, das zu einem ganzheitlichen Fitnesserlebnis beitr\u00e4gt.<\/p>\n<ul>\n<li>Lieferung ab sofort m\u00f6glich<\/li>\n<li>serviciert<\/li>\n<li>6 Monate Gew\u00e4hrleistung<\/li>\n<\/ul>\n<p>Gerne k\u00f6nnen Sie die angebotenen Ger\u00e4te bei uns im Lager testen und sich von der Qualit\u00e4t \u00fcberzeugen.<\/p>\n<p>F\u00fcr weitere Fragen stehen wir Ihnen telefonisch oder per Mail gerne zur Verf\u00fcgung.<\/p>\n","protected":false},"featured_media":1290,"comment_status":"open","ping_status":"closed","template":"","meta":[],"product_cat":[55],"product_tag":[],"class_list":["post-1165","product","type-product","status-publish","has-post-thumbnail","hentry","product_cat-ausdauergeraete"],"_links":{"self":[{"href":"https:\/\/sportservice-auzinger.com\/index.php\/wp-json\/wp\/v3\/product\/1165","targetHints":{"allow":["GET"]}}],"collection":[{"href":"https:\/\/sportservice-auzinger.com\/index.php\/wp-json\/wp\/v3\/product"}],"about":[{"href":"https:\/\/sportservice-auzinger.com\/index.php\/wp-json\/wp\/v2\/types\/product"}],"replies":[{"embeddable":true,"href":"https:\/\/sportservice-auzinger.com\/index.php\/wp-json\/wp\/v2\/comments?post=1165"}],"wp:featuredmedia":[{"embeddable":true,"href":"https:\/\/sportservice-auzinger.com\/index.php\/wp-json\/wp\/v2\/media\/1290"}],"wp:attachment":[{"href":"https:\/\/sportservice-auzinger.com\/index.php\/wp-json\/wp\/v2\/media?parent=1165"}],"wp:term":[{"taxonomy":"product_cat","embeddable":true,"href":"https:\/\/sportservice-auzinger.com\/index.php\/wp-json\/wp\/v2\/product_cat?post=1165"},{"taxonomy":"product_tag","embeddable":true,"href":"https:\/\/sportservice-auzinger.com\/index.php\/wp-json\/wp\/v2\/product_tag?post=1165"}],"curies":[{"name":"wp","href":"https:\/\/api.w.org\/{rel}","templated":true}]}}