{"id":977,"date":"2023-08-25T09:31:16","date_gmt":"2023-08-25T09:31:16","guid":{"rendered":"https:\/\/sportservice-auzinger.com\/?post_type=product&#038;p=977"},"modified":"2024-01-31T16:52:16","modified_gmt":"2024-01-31T16:52:16","slug":"concept-2-rowerg-tall-mit-pm5","status":"publish","type":"product","link":"https:\/\/sportservice-auzinger.com\/index.php\/produkt\/concept-2-rowerg-tall-mit-pm5\/","title":{"rendered":"Concept 2 RowErg Tall mit PM5"},"content":{"rendered":"","protected":false},"excerpt":{"rendered":"<p>Das Indoor-Ruderger\u00e4t <strong>Concept2 RowErg\u2122<\/strong> wurde von Ruderern f\u00fcr Ruderer gebaut und wird weltweit von Menschen aller Alters- und Leistungsklassen genutzt.<br \/>\nDas <strong>Concept2 RowErg\u2122<\/strong> zeichnet sich durch ein Ganzk\u00f6rpertraining mit geringer Belastung aus.<\/p>\n<p>Die erh\u00f6hte Version, das <strong>Concept2 RowErg\u2122 Tall<\/strong>, ist mit h\u00f6heren Beinen, welche eine Sitzh\u00f6he von 51cm erm\u00f6glicht, ausgestattet. Die erh\u00f6hte Sitzh\u00f6he kann das Auf- und Absteigen erleichtern, sowie den Komfort erh\u00f6hen.<\/p>\n<p>&nbsp;<\/p>\n<p><em>(Zwischenverkauf vorbehalten)<\/em><\/p>\n","protected":false},"featured_media":1261,"comment_status":"open","ping_status":"closed","template":"","meta":[],"product_cat":[43],"product_tag":[],"class_list":["post-977","product","type-product","status-publish","has-post-thumbnail","hentry","product_cat-neugeraete","product_shipping_class-concept"],"_links":{"self":[{"href":"https:\/\/sportservice-auzinger.com\/index.php\/wp-json\/wp\/v3\/product\/977","targetHints":{"allow":["GET"]}}],"collection":[{"href":"https:\/\/sportservice-auzinger.com\/index.php\/wp-json\/wp\/v3\/product"}],"about":[{"href":"https:\/\/sportservice-auzinger.com\/index.php\/wp-json\/wp\/v2\/types\/product"}],"replies":[{"embeddable":true,"href":"https:\/\/sportservice-auzinger.com\/index.php\/wp-json\/wp\/v2\/comments?post=977"}],"wp:featuredmedia":[{"embeddable":true,"href":"https:\/\/sportservice-auzinger.com\/index.php\/wp-json\/wp\/v2\/media\/1261"}],"wp:attachment":[{"href":"https:\/\/sportservice-auzinger.com\/index.php\/wp-json\/wp\/v2\/media?parent=977"}],"wp:term":[{"taxonomy":"product_cat","embeddable":true,"href":"https:\/\/sportservice-auzinger.com\/index.php\/wp-json\/wp\/v2\/product_cat?post=977"},{"taxonomy":"product_tag","embeddable":true,"href":"https:\/\/sportservice-auzinger.com\/index.php\/wp-json\/wp\/v2\/product_tag?post=977"}],"curies":[{"name":"wp","href":"https:\/\/api.w.org\/{rel}","templated":true}]}}